{"id":1196,"date":"2024-12-12T08:45:03","date_gmt":"2024-12-12T08:45:03","guid":{"rendered":"https:\/\/baraquefraiture.be\/?page_id=1196"},"modified":"2025-01-14T12:44:26","modified_gmt":"2025-01-14T12:44:26","slug":"verkaufsbedingungen","status":"publish","type":"page","link":"https:\/\/baraquefraiture.be\/de\/verkaufsbedingungen\/","title":{"rendered":"Verkaufsbedingungen"},"content":{"rendered":"\t\t<div data-elementor-type=\"wp-page\" data-elementor-id=\"1196\" class=\"elementor elementor-1196 elementor-1103\" data-elementor-settings=\"{&quot;element_pack_global_tooltip_width&quot;:{&quot;unit&quot;:&quot;px&quot;,&quot;size&quot;:&quot;&quot;,&quot;sizes&quot;:[]},&quot;element_pack_global_tooltip_width_tablet&quot;:{&quot;unit&quot;:&quot;px&quot;,&quot;size&quot;:&quot;&quot;,&quot;sizes&quot;:[]},&quot;element_pack_global_tooltip_width_mobile&quot;:{&quot;unit&quot;:&quot;px&quot;,&quot;size&quot;:&quot;&quot;,&quot;sizes&quot;:[]},&quot;element_pack_global_tooltip_padding&quot;:{&quot;unit&quot;:&quot;px&quot;,&quot;top&quot;:&quot;&quot;,&quot;right&quot;:&quot;&quot;,&quot;bottom&quot;:&quot;&quot;,&quot;left&quot;:&quot;&quot;,&quot;isLinked&quot;:true},&quot;element_pack_global_tooltip_padding_tablet&quot;:{&quot;unit&quot;:&quot;px&quot;,&quot;top&quot;:&quot;&quot;,&quot;right&quot;:&quot;&quot;,&quot;bottom&quot;:&quot;&quot;,&quot;left&quot;:&quot;&quot;,&quot;isLinked&quot;:true},&quot;element_pack_global_tooltip_padding_mobile&quot;:{&quot;unit&quot;:&quot;px&quot;,&quot;top&quot;:&quot;&quot;,&quot;right&quot;:&quot;&quot;,&quot;bottom&quot;:&quot;&quot;,&quot;left&quot;:&quot;&quot;,&quot;isLinked&quot;:true},&quot;element_pack_global_tooltip_border_radius&quot;:{&quot;unit&quot;:&quot;px&quot;,&quot;top&quot;:&quot;&quot;,&quot;right&quot;:&quot;&quot;,&quot;bottom&quot;:&quot;&quot;,&quot;left&quot;:&quot;&quot;,&quot;isLinked&quot;:true},&quot;element_pack_global_tooltip_border_radius_tablet&quot;:{&quot;unit&quot;:&quot;px&quot;,&quot;top&quot;:&quot;&quot;,&quot;right&quot;:&quot;&quot;,&quot;bottom&quot;:&quot;&quot;,&quot;left&quot;:&quot;&quot;,&quot;isLinked&quot;:true},&quot;element_pack_global_tooltip_border_radius_mobile&quot;:{&quot;unit&quot;:&quot;px&quot;,&quot;top&quot;:&quot;&quot;,&quot;right&quot;:&quot;&quot;,&quot;bottom&quot;:&quot;&quot;,&quot;left&quot;:&quot;&quot;,&quot;isLinked&quot;:true}}\">\n\t\t\t\t<div class=\"elementor-element elementor-element-8ec5cbf e-flex e-con-boxed e-con e-parent\" data-id=\"8ec5cbf\" data-element_type=\"container\">\n\t\t\t\t\t<div class=\"e-con-inner\">\n\t\t<div class=\"elementor-element elementor-element-e377c6c e-con-full e-flex e-con e-child\" data-id=\"e377c6c\" data-element_type=\"container\">\n\t\t\t\t<div class=\"elementor-element elementor-element-5d078ba elementor-widget elementor-widget-heading\" data-id=\"5d078ba\" data-element_type=\"widget\" data-widget_type=\"heading.default\">\n\t\t\t\t<div class=\"elementor-widget-container\">\n\t\t\t\t\t<h3 class=\"elementor-heading-title elementor-size-default\">ARTIKEL 1 - DEFINITIONEN<\/h3>\t\t\t\t<\/div>\n\t\t\t\t<\/div>\n\t\t\t\t<div class=\"elementor-element elementor-element-cd8d7b0 elementor-widget elementor-widget-text-editor\" data-id=\"cd8d7b0\" data-element_type=\"widget\" data-widget_type=\"text-editor.default\">\n\t\t\t\t<div class=\"elementor-widget-container\">\n\t\t\t\t\t\t\t\t\t<div data-id=\"bd210ee\" data-element_type=\"widget\" data-widget_type=\"text-editor.default\"><div><p>Im Rahmen der vorliegenden Allgemeinen Gesch\u00e4ftsbedingungen ist zu verstehen unter:<\/p><ul><li>&#8222;AGB&#8220;: die vorliegenden Allgemeinen Gesch\u00e4ftsbedingungen;<\/li><li>&#8222;Der Anbieter&#8220;: die SRL BELGOFRIT mit Sitz in 6690 Vielsalm, Baraque de Fraiture 11, die bei der EZB unter der Nummer 0425.608.779 eingetragen ist;<\/li><li>Der &#8222;Kunde&#8220;: jede Person, die Produkte des Anbieters und insbesondere die Bestellung von Lebensmitteln in einer seiner Einrichtungen beantragt;<\/li><li>&#8222;Die Parteien&#8220;: Der Kunde und der Auftragnehmer;<\/li><li>&#8222;Eine Partei&#8220;: der Kunde oder der Auftragnehmer;<\/li><li>Die &#8222;Produkte&#8220;: alle essbaren Waren, die der Anbieter zum Verkauf anbietet, solange der Vorrat reicht;<\/li><li>&#8222;H\u00f6here Gewalt&#8220;: Jedes externe, unvorhersehbare, unwiderstehliche und vom Willen der Parteien unabh\u00e4ngige Ereignis, wie z. B. Naturkatastrophen, Kriege, Terroranschl\u00e4ge oder bindende Regierungsentscheidungen sowie Pandemien und Streiks im weitesten Sinne.<\/li><li>&#8222;Bestellung&#8220;: Die Gesamtheit der Produkte, die der Kunde online, \u00fcber ein Terminal oder \u00fcber einen QR-Code kauft;<\/li><\/ul><\/div><\/div>\t\t\t\t\t\t\t\t<\/div>\n\t\t\t\t<\/div>\n\t\t\t\t<div class=\"elementor-element elementor-element-eb009b2 elementor-widget-divider--view-line elementor-widget elementor-widget-divider\" data-id=\"eb009b2\" data-element_type=\"widget\" data-widget_type=\"divider.default\">\n\t\t\t\t<div class=\"elementor-widget-container\">\n\t\t\t\t\t\t\t<div class=\"elementor-divider\">\n\t\t\t<span class=\"elementor-divider-separator\">\n\t\t\t\t\t\t<\/span>\n\t\t<\/div>\n\t\t\t\t\t\t<\/div>\n\t\t\t\t<\/div>\n\t\t\t\t<div class=\"elementor-element elementor-element-d6f1ced elementor-widget elementor-widget-heading\" data-id=\"d6f1ced\" data-element_type=\"widget\" data-widget_type=\"heading.default\">\n\t\t\t\t<div class=\"elementor-widget-container\">\n\t\t\t\t\t<h3 class=\"elementor-heading-title elementor-size-default\">ARTIKEL 1 - ANERKENNUNG DER ALLGEMEINEN GESCH\u00c4FTSBEDINGUNGEN<\/h3>\t\t\t\t<\/div>\n\t\t\t\t<\/div>\n\t\t\t\t<div class=\"elementor-element elementor-element-343cfbd elementor-widget elementor-widget-text-editor\" data-id=\"343cfbd\" data-element_type=\"widget\" data-widget_type=\"text-editor.default\">\n\t\t\t\t<div class=\"elementor-widget-container\">\n\t\t\t\t\t\t\t\t\t<div data-id=\"bd210ee\" data-element_type=\"widget\" data-widget_type=\"text-editor.default\"><div><p>Durch die Bezahlung seiner Bestellung erkl\u00e4rt der Kunde, dass er die vorliegenden Allgemeinen Gesch\u00e4ftsbedingungen zur Kenntnis genommen und akzeptiert hat, wobei alle Bestellungen, die auf irgendeinem Wege aufgegeben werden, in den Rahmen der vorliegenden Bedingungen fallen.<\/p><\/div><\/div>\t\t\t\t\t\t\t\t<\/div>\n\t\t\t\t<\/div>\n\t\t\t\t<div class=\"elementor-element elementor-element-7983af1 elementor-widget-divider--view-line elementor-widget elementor-widget-divider\" data-id=\"7983af1\" data-element_type=\"widget\" data-widget_type=\"divider.default\">\n\t\t\t\t<div class=\"elementor-widget-container\">\n\t\t\t\t\t\t\t<div class=\"elementor-divider\">\n\t\t\t<span class=\"elementor-divider-separator\">\n\t\t\t\t\t\t<\/span>\n\t\t<\/div>\n\t\t\t\t\t\t<\/div>\n\t\t\t\t<\/div>\n\t\t\t\t<div class=\"elementor-element elementor-element-e12f770 elementor-widget elementor-widget-heading\" data-id=\"e12f770\" data-element_type=\"widget\" data-widget_type=\"heading.default\">\n\t\t\t\t<div class=\"elementor-widget-container\">\n\t\t\t\t\t<h3 class=\"elementor-heading-title elementor-size-default\">ARTIKEL 2 - ALLERGENE<\/h3>\t\t\t\t<\/div>\n\t\t\t\t<\/div>\n\t\t\t\t<div class=\"elementor-element elementor-element-613ed9a elementor-widget elementor-widget-text-editor\" data-id=\"613ed9a\" data-element_type=\"widget\" data-widget_type=\"text-editor.default\">\n\t\t\t\t<div class=\"elementor-widget-container\">\n\t\t\t\t\t\t\t\t\t<div data-id=\"bd210ee\" data-element_type=\"widget\" data-widget_type=\"text-editor.default\"><div><p>Der Anbieter informiert klar und pr\u00e4zise \u00fcber die verschiedenen Allergene, die in den Gerichten enthalten sind, und h\u00e4lt sich an die verschiedenen ausgegebenen AFSCA-Regelungen, was vom Kunden ausdr\u00fccklich anerkannt wird. Infolgedessen kann der Anbieter nicht f\u00fcr eventuelle Sch\u00e4den haftbar gemacht werden, die ein Kunde durch die Einnahme eines Elements erleidet, gegen das er allergisch\/intolerant\/etc. ist, &#8230;<\/p><\/div><\/div>\t\t\t\t\t\t\t\t<\/div>\n\t\t\t\t<\/div>\n\t\t\t\t<div class=\"elementor-element elementor-element-28e57b2 elementor-widget-divider--view-line elementor-widget elementor-widget-divider\" data-id=\"28e57b2\" data-element_type=\"widget\" data-widget_type=\"divider.default\">\n\t\t\t\t<div class=\"elementor-widget-container\">\n\t\t\t\t\t\t\t<div class=\"elementor-divider\">\n\t\t\t<span class=\"elementor-divider-separator\">\n\t\t\t\t\t\t<\/span>\n\t\t<\/div>\n\t\t\t\t\t\t<\/div>\n\t\t\t\t<\/div>\n\t\t\t\t<div class=\"elementor-element elementor-element-85a850a elementor-widget elementor-widget-heading\" data-id=\"85a850a\" data-element_type=\"widget\" data-widget_type=\"heading.default\">\n\t\t\t\t<div class=\"elementor-widget-container\">\n\t\t\t\t\t<h3 class=\"elementor-heading-title elementor-size-default\">ARTIKEL 3 - WIDERRUFSRECHT<\/h3>\t\t\t\t<\/div>\n\t\t\t\t<\/div>\n\t\t\t\t<div class=\"elementor-element elementor-element-34976f4 elementor-widget elementor-widget-text-editor\" data-id=\"34976f4\" data-element_type=\"widget\" data-widget_type=\"text-editor.default\">\n\t\t\t\t<div class=\"elementor-widget-container\">\n\t\t\t\t\t\t\t\t\t<div data-id=\"bd210ee\" data-element_type=\"widget\" data-widget_type=\"text-editor.default\"><div><p>Da die vom Auftragnehmer vertriebenen Produkte wahrscheinlich schnell verderben oder verfallen, hat der Kunde gem\u00e4\u00df Artikel VI.53,4\u00b0 des Wirtschaftsgesetzbuches kein Widerrufsrecht.<\/p><\/div><\/div>\t\t\t\t\t\t\t\t<\/div>\n\t\t\t\t<\/div>\n\t\t\t\t<div class=\"elementor-element elementor-element-2372fba elementor-widget-divider--view-line elementor-widget elementor-widget-divider\" data-id=\"2372fba\" data-element_type=\"widget\" data-widget_type=\"divider.default\">\n\t\t\t\t<div class=\"elementor-widget-container\">\n\t\t\t\t\t\t\t<div class=\"elementor-divider\">\n\t\t\t<span class=\"elementor-divider-separator\">\n\t\t\t\t\t\t<\/span>\n\t\t<\/div>\n\t\t\t\t\t\t<\/div>\n\t\t\t\t<\/div>\n\t\t\t\t<div class=\"elementor-element elementor-element-cf40443 elementor-widget elementor-widget-heading\" data-id=\"cf40443\" data-element_type=\"widget\" data-widget_type=\"heading.default\">\n\t\t\t\t<div class=\"elementor-widget-container\">\n\t\t\t\t\t<h3 class=\"elementor-heading-title elementor-size-default\">ARTIKEL 4 - \u00c4NDERUNG DER BESTELLUNG<\/h3>\t\t\t\t<\/div>\n\t\t\t\t<\/div>\n\t\t\t\t<div class=\"elementor-element elementor-element-7296e3f elementor-widget elementor-widget-text-editor\" data-id=\"7296e3f\" data-element_type=\"widget\" data-widget_type=\"text-editor.default\">\n\t\t\t\t<div class=\"elementor-widget-container\">\n\t\t\t\t\t\t\t\t\t<div data-id=\"bd210ee\" data-element_type=\"widget\" data-widget_type=\"text-editor.default\"><div><p>Ab dem Zeitpunkt, an dem die Bestellung abgeschlossen und bezahlt ist, hat der Kunde nicht mehr die M\u00f6glichkeit, die Bestellung kostenlos zu \u00e4ndern.<\/p><\/div><\/div>\t\t\t\t\t\t\t\t<\/div>\n\t\t\t\t<\/div>\n\t\t\t\t<div class=\"elementor-element elementor-element-2478bd4 elementor-widget-divider--view-line elementor-widget elementor-widget-divider\" data-id=\"2478bd4\" data-element_type=\"widget\" data-widget_type=\"divider.default\">\n\t\t\t\t<div class=\"elementor-widget-container\">\n\t\t\t\t\t\t\t<div class=\"elementor-divider\">\n\t\t\t<span class=\"elementor-divider-separator\">\n\t\t\t\t\t\t<\/span>\n\t\t<\/div>\n\t\t\t\t\t\t<\/div>\n\t\t\t\t<\/div>\n\t\t\t\t<div class=\"elementor-element elementor-element-b03fee9 elementor-widget elementor-widget-heading\" data-id=\"b03fee9\" data-element_type=\"widget\" data-widget_type=\"heading.default\">\n\t\t\t\t<div class=\"elementor-widget-container\">\n\t\t\t\t\t<h3 class=\"elementor-heading-title elementor-size-default\">ARTIKEL 5 - LIEFERUNG VON GERICHTEN<\/h3>\t\t\t\t<\/div>\n\t\t\t\t<\/div>\n\t\t\t\t<div class=\"elementor-element elementor-element-51b506b elementor-widget elementor-widget-text-editor\" data-id=\"51b506b\" data-element_type=\"widget\" data-widget_type=\"text-editor.default\">\n\t\t\t\t<div class=\"elementor-widget-container\">\n\t\t\t\t\t\t\t\t\t<div data-id=\"bd210ee\" data-element_type=\"widget\" data-widget_type=\"text-editor.default\"><div><p>Wenn der Kunde sich f\u00fcr eine Lieferung der Gerichte durch den Anbieter entscheidet, wird ausdr\u00fccklich vereinbart, dass die angegebenen Fristen nur Richtwerte sind und dass aus einer eventuellen Lieferverz\u00f6gerung keine Konsequenzen gezogen werden k\u00f6nnen.<\/p><\/div><\/div>\t\t\t\t\t\t\t\t<\/div>\n\t\t\t\t<\/div>\n\t\t\t\t<div class=\"elementor-element elementor-element-60e4ecc elementor-widget-divider--view-line elementor-widget elementor-widget-divider\" data-id=\"60e4ecc\" data-element_type=\"widget\" data-widget_type=\"divider.default\">\n\t\t\t\t<div class=\"elementor-widget-container\">\n\t\t\t\t\t\t\t<div class=\"elementor-divider\">\n\t\t\t<span class=\"elementor-divider-separator\">\n\t\t\t\t\t\t<\/span>\n\t\t<\/div>\n\t\t\t\t\t\t<\/div>\n\t\t\t\t<\/div>\n\t\t\t\t<div class=\"elementor-element elementor-element-7c34d43 elementor-widget elementor-widget-heading\" data-id=\"7c34d43\" data-element_type=\"widget\" data-widget_type=\"heading.default\">\n\t\t\t\t<div class=\"elementor-widget-container\">\n\t\t\t\t\t<h3 class=\"elementor-heading-title elementor-size-default\">ARTIKEL 6 - ENTFERNUNG VON GESCHIRR<\/h3>\t\t\t\t<\/div>\n\t\t\t\t<\/div>\n\t\t\t\t<div class=\"elementor-element elementor-element-1107f17 elementor-widget elementor-widget-text-editor\" data-id=\"1107f17\" data-element_type=\"widget\" data-widget_type=\"text-editor.default\">\n\t\t\t\t<div class=\"elementor-widget-container\">\n\t\t\t\t\t\t\t\t\t<div data-id=\"bd210ee\" data-element_type=\"widget\" data-widget_type=\"text-editor.default\"><div><p>\u00a0<\/p><p><strong>6.1 Online-Bestellung :<\/strong><\/p><p>Wenn der Kunde die Produkte, die er kaufen m\u00f6chte, online bestellt, wird ihm eine unverbindliche Vorbereitungsfrist mitgeteilt.<\/p><p>Es obliegt dem Kunden, sich innerhalb dieser Frist einzufinden, um die Bestellung in Empfang zu nehmen; der Auftragnehmer kann nicht f\u00fcr eine eventuelle Besch\u00e4digung der Bestellung aufgrund einer versp\u00e4teten Abholung durch den Kunden, gleich welcher Art, haftbar gemacht werden.<\/p><\/div><\/div>\t\t\t\t\t\t\t\t<\/div>\n\t\t\t\t<\/div>\n\t\t\t\t<div class=\"elementor-element elementor-element-1772de4 elementor-widget elementor-widget-text-editor\" data-id=\"1772de4\" data-element_type=\"widget\" data-widget_type=\"text-editor.default\">\n\t\t\t\t<div class=\"elementor-widget-container\">\n\t\t\t\t\t\t\t\t\t<div data-id=\"bd210ee\" data-element_type=\"widget\" data-widget_type=\"text-editor.default\"><div><p><strong>6.2 Bestellung vor Ort :<\/strong><\/p><p>Wenn der Kunde die Produkte, die er kaufen m\u00f6chte, \u00fcber ein Terminal oder \u00fcber einen QR CODE bestellt, wird im Inneren des Restaurants eine indikative Vorbereitungszeit angegeben.<\/p><p>Es obliegt dem Kunden, sich an der Theke einzufinden, wenn seine Bestellung aufgerufen wird, um sie in Empfang zu nehmen, da der Auftragnehmer nicht f\u00fcr eine eventuelle Besch\u00e4digung der Bestellung aufgrund einer versp\u00e4teten Abholung durch den Kunden, gleich welcher Art, haftbar gemacht werden kann.<\/p><\/div><\/div>\t\t\t\t\t\t\t\t<\/div>\n\t\t\t\t<\/div>\n\t\t\t\t<\/div>\n\t\t<div class=\"elementor-element elementor-element-c8c702a e-con-full e-flex e-con e-child\" data-id=\"c8c702a\" data-element_type=\"container\">\n\t\t\t\t<div class=\"elementor-element elementor-element-58e66de elementor-widget elementor-widget-heading\" data-id=\"58e66de\" data-element_type=\"widget\" data-widget_type=\"heading.default\">\n\t\t\t\t<div class=\"elementor-widget-container\">\n\t\t\t\t\t<h3 class=\"elementor-heading-title elementor-size-default\">ARTIKEL 7 - BESCHWERDEN<\/h3>\t\t\t\t<\/div>\n\t\t\t\t<\/div>\n\t\t\t\t<div class=\"elementor-element elementor-element-41cbea2 elementor-widget elementor-widget-text-editor\" data-id=\"41cbea2\" data-element_type=\"widget\" data-widget_type=\"text-editor.default\">\n\t\t\t\t<div class=\"elementor-widget-container\">\n\t\t\t\t\t\t\t\t\t<div data-id=\"bd210ee\" data-element_type=\"widget\" data-widget_type=\"text-editor.default\"><div><p>7.1. Alle Bemerkungen, Beschwerden oder Schwierigkeiten mit der Lieferung m\u00fcssen innerhalb von einer Stunde nach Erhalt der Bestellung durch den Kunden gemeldet werden.<\/p><\/div><\/div>\t\t\t\t\t\t\t\t<\/div>\n\t\t\t\t<\/div>\n\t\t\t\t<div class=\"elementor-element elementor-element-3725a67 elementor-widget elementor-widget-text-editor\" data-id=\"3725a67\" data-element_type=\"widget\" data-widget_type=\"text-editor.default\">\n\t\t\t\t<div class=\"elementor-widget-container\">\n\t\t\t\t\t\t\t\t\t<div data-id=\"bd210ee\" data-element_type=\"widget\" data-widget_type=\"text-editor.default\"><div><p>7.2. Es obliegt dem Kunden, die abgeholte\/gelieferte Bestellung sofort nach Erhalt zu pr\u00fcfen und alle M\u00e4ngel &#8211; Unzul\u00e4nglichkeiten ) Defekte der darin enthaltenen Produkte zu melden. Diese M\u00e4ngel sind per Foto festzuhalten und an die E-Mail-Adresse: [&#8230;] zu senden.<\/p><p>Erfolgt eine solche R\u00fccksendung nicht innerhalb einer Stunde nach der Lieferung, gilt die Bestellung als mit den Anforderungen des Kunden \u00fcbereinstimmend.<\/p><\/div><\/div>\t\t\t\t\t\t\t\t<\/div>\n\t\t\t\t<\/div>\n\t\t\t\t<div class=\"elementor-element elementor-element-04a7979 elementor-widget-divider--view-line elementor-widget elementor-widget-divider\" data-id=\"04a7979\" data-element_type=\"widget\" data-widget_type=\"divider.default\">\n\t\t\t\t<div class=\"elementor-widget-container\">\n\t\t\t\t\t\t\t<div class=\"elementor-divider\">\n\t\t\t<span class=\"elementor-divider-separator\">\n\t\t\t\t\t\t<\/span>\n\t\t<\/div>\n\t\t\t\t\t\t<\/div>\n\t\t\t\t<\/div>\n\t\t\t\t<div class=\"elementor-element elementor-element-7bc7b8f elementor-widget elementor-widget-heading\" data-id=\"7bc7b8f\" data-element_type=\"widget\" data-widget_type=\"heading.default\">\n\t\t\t\t<div class=\"elementor-widget-container\">\n\t\t\t\t\t<h3 class=\"elementor-heading-title elementor-size-default\">ARTIKEL 8 - HAFTUNG <\/h3>\t\t\t\t<\/div>\n\t\t\t\t<\/div>\n\t\t\t\t<div class=\"elementor-element elementor-element-b0f76a0 elementor-widget elementor-widget-text-editor\" data-id=\"b0f76a0\" data-element_type=\"widget\" data-widget_type=\"text-editor.default\">\n\t\t\t\t<div class=\"elementor-widget-container\">\n\t\t\t\t\t\t\t\t\t<div data-id=\"bd210ee\" data-element_type=\"widget\" data-widget_type=\"text-editor.default\"><div><p>Die Verpflichtung des Auftragnehmers im Rahmen der vorliegenden Vereinbarung ist eine Mittelverpflichtung.<\/p><\/div><\/div>\t\t\t\t\t\t\t\t<\/div>\n\t\t\t\t<\/div>\n\t\t\t\t<div class=\"elementor-element elementor-element-274760d elementor-widget-divider--view-line elementor-widget elementor-widget-divider\" data-id=\"274760d\" data-element_type=\"widget\" data-widget_type=\"divider.default\">\n\t\t\t\t<div class=\"elementor-widget-container\">\n\t\t\t\t\t\t\t<div class=\"elementor-divider\">\n\t\t\t<span class=\"elementor-divider-separator\">\n\t\t\t\t\t\t<\/span>\n\t\t<\/div>\n\t\t\t\t\t\t<\/div>\n\t\t\t\t<\/div>\n\t\t\t\t<div class=\"elementor-element elementor-element-d4c8dd5 elementor-widget elementor-widget-heading\" data-id=\"d4c8dd5\" data-element_type=\"widget\" data-widget_type=\"heading.default\">\n\t\t\t\t<div class=\"elementor-widget-container\">\n\t\t\t\t\t<h3 class=\"elementor-heading-title elementor-size-default\">ARTIKEL 9 - REGULIERTE PRODUKTE<\/h3>\t\t\t\t<\/div>\n\t\t\t\t<\/div>\n\t\t\t\t<div class=\"elementor-element elementor-element-51905ea elementor-widget elementor-widget-text-editor\" data-id=\"51905ea\" data-element_type=\"widget\" data-widget_type=\"text-editor.default\">\n\t\t\t\t<div class=\"elementor-widget-container\">\n\t\t\t\t\t\t\t\t\t<div data-id=\"bd210ee\" data-element_type=\"widget\" data-widget_type=\"text-editor.default\"><div><p>Der Auftragnehmer vertreibt regulierte Produkte nur an Kunden, die dazu berechtigt sind. Der Kunde ist in diesem Zusammenhang daf\u00fcr verantwortlich, dem Anbieter die relevanten und korrekten Informationen zur Verf\u00fcgung zu stellen, so dass dem Anbieter beispielsweise nicht vorgeworfen werden kann, ein alkoholisches Produkt an einen Kunden verkauft zu haben, der ihm gegen\u00fcber behauptet hat, vollj\u00e4hrig zu sein, wobei sich der Anbieter das Recht vorbeh\u00e4lt, die Vorlage eines Identit\u00e4tsnachweises zu verlangen.<\/p><\/div><\/div>\t\t\t\t\t\t\t\t<\/div>\n\t\t\t\t<\/div>\n\t\t\t\t<div class=\"elementor-element elementor-element-e88b178 elementor-widget-divider--view-line elementor-widget elementor-widget-divider\" data-id=\"e88b178\" data-element_type=\"widget\" data-widget_type=\"divider.default\">\n\t\t\t\t<div class=\"elementor-widget-container\">\n\t\t\t\t\t\t\t<div class=\"elementor-divider\">\n\t\t\t<span class=\"elementor-divider-separator\">\n\t\t\t\t\t\t<\/span>\n\t\t<\/div>\n\t\t\t\t\t\t<\/div>\n\t\t\t\t<\/div>\n\t\t\t\t<div class=\"elementor-element elementor-element-0b8c132 elementor-widget elementor-widget-heading\" data-id=\"0b8c132\" data-element_type=\"widget\" data-widget_type=\"heading.default\">\n\t\t\t\t<div class=\"elementor-widget-container\">\n\t\t\t\t\t<h3 class=\"elementor-heading-title elementor-size-default\">ARTIKEL 10 - RGPD<\/h3>\t\t\t\t<\/div>\n\t\t\t\t<\/div>\n\t\t\t\t<div class=\"elementor-element elementor-element-40a8437 elementor-widget elementor-widget-text-editor\" data-id=\"40a8437\" data-element_type=\"widget\" data-widget_type=\"text-editor.default\">\n\t\t\t\t<div class=\"elementor-widget-container\">\n\t\t\t\t\t\t\t\t\t<div data-id=\"bd210ee\" data-element_type=\"widget\" data-widget_type=\"text-editor.default\"><div><p>Die auf der Website erhobenen personenbezogenen Daten unterliegen der Datenschutzpolitik des Anbieters, die unter folgender Adresse abrufbar ist: [&#8230;].<\/p><p>Im Rahmen einer Lieferung werden bestimmte pers\u00f6nliche Daten (Name, Vorname, Telefonnummer, Wohnanschrift, E-Mail-Adresse, Bestelldetails), die der Kunde angegeben hat, gesammelt.<\/p><p>Der Kunde hat das Recht, auf die ihn betreffenden pers\u00f6nlichen Daten zuzugreifen, sie zu berichtigen und aus legitimen Gr\u00fcnden zu l\u00f6schen. Der Kunde kann seine Rechte aus\u00fcben, indem er seine Anfrage \u00fcber das unter der folgenden Adresse zug\u00e4ngliche Formular stellt: [&#8230;].<\/p><\/div><\/div>\t\t\t\t\t\t\t\t<\/div>\n\t\t\t\t<\/div>\n\t\t\t\t<div class=\"elementor-element elementor-element-92b0203 elementor-widget-divider--view-line elementor-widget elementor-widget-divider\" data-id=\"92b0203\" data-element_type=\"widget\" data-widget_type=\"divider.default\">\n\t\t\t\t<div class=\"elementor-widget-container\">\n\t\t\t\t\t\t\t<div class=\"elementor-divider\">\n\t\t\t<span class=\"elementor-divider-separator\">\n\t\t\t\t\t\t<\/span>\n\t\t<\/div>\n\t\t\t\t\t\t<\/div>\n\t\t\t\t<\/div>\n\t\t\t\t<div class=\"elementor-element elementor-element-3687ee8 elementor-widget elementor-widget-heading\" data-id=\"3687ee8\" data-element_type=\"widget\" data-widget_type=\"heading.default\">\n\t\t\t\t<div class=\"elementor-widget-container\">\n\t\t\t\t\t<h3 class=\"elementor-heading-title elementor-size-default\">ARTIKEL 11 - VERSCHIEDENES<\/h3>\t\t\t\t<\/div>\n\t\t\t\t<\/div>\n\t\t\t\t<div class=\"elementor-element elementor-element-d75aeca elementor-widget elementor-widget-text-editor\" data-id=\"d75aeca\" data-element_type=\"widget\" data-widget_type=\"text-editor.default\">\n\t\t\t\t<div class=\"elementor-widget-container\">\n\t\t\t\t\t\t\t\t\t<div data-id=\"bd210ee\" data-element_type=\"widget\" data-widget_type=\"text-editor.default\"><div><p>11.1. Die vorliegenden AGB unterliegen ausschlie\u00dflich dem belgischen Recht und nur die Gerichte am Gesch\u00e4ftssitz des Auftragnehmers sind f\u00fcr Streitigkeiten zust\u00e4ndig, die sich aus der Ausf\u00fchrung oder Auslegung der vorliegenden AGB ergeben.<\/p><p>11.2. Die eventuelle Ung\u00fcltigkeit einer Klausel dieser AGB hat nicht die Ung\u00fcltigkeit der anderen Klauseln zur Folge, die weiterhin gelten.<\/p><\/div><\/div>\t\t\t\t\t\t\t\t<\/div>\n\t\t\t\t<\/div>\n\t\t\t\t<div class=\"elementor-element elementor-element-53e450f elementor-widget-divider--view-line elementor-widget elementor-widget-divider\" data-id=\"53e450f\" data-element_type=\"widget\" data-widget_type=\"divider.default\">\n\t\t\t\t<div class=\"elementor-widget-container\">\n\t\t\t\t\t\t\t<div class=\"elementor-divider\">\n\t\t\t<span class=\"elementor-divider-separator\">\n\t\t\t\t\t\t<\/span>\n\t\t<\/div>\n\t\t\t\t\t\t<\/div>\n\t\t\t\t<\/div>\n\t\t\t\t<\/div>\n\t\t\t\t\t<\/div>\n\t\t\t\t<\/div>\n\t\t\t\t<\/div>\n\t\t","protected":false},"excerpt":{"rendered":"<p>ARTIKEL 1 &#8211; DEFINITIONEN Im Rahmen der vorliegenden Allgemeinen Gesch\u00e4ftsbedingungen ist zu verstehen unter: &#8222;AGB&#8220;: die vorliegenden Allgemeinen Gesch\u00e4ftsbedingungen; &#8222;Der Anbieter&#8220;: die [&hellip;]<\/p>\n","protected":false},"author":1,"featured_media":0,"parent":0,"menu_order":0,"comment_status":"closed","ping_status":"closed","template":"","meta":{"_monsterinsights_skip_tracking":false,"_monsterinsights_sitenote_active":false,"_monsterinsights_sitenote_note":"","_monsterinsights_sitenote_category":0,"footnotes":""},"class_list":["post-1196","page","type-page","status-publish","hentry"],"aioseo_notices":[],"_links":{"self":[{"href":"https:\/\/baraquefraiture.be\/de\/wp-json\/wp\/v2\/pages\/1196","targetHints":{"allow":["GET"]}}],"collection":[{"href":"https:\/\/baraquefraiture.be\/de\/wp-json\/wp\/v2\/pages"}],"about":[{"href":"https:\/\/baraquefraiture.be\/de\/wp-json\/wp\/v2\/types\/page"}],"author":[{"embeddable":true,"href":"https:\/\/baraquefraiture.be\/de\/wp-json\/wp\/v2\/users\/1"}],"replies":[{"embeddable":true,"href":"https:\/\/baraquefraiture.be\/de\/wp-json\/wp\/v2\/comments?post=1196"}],"version-history":[{"count":5,"href":"https:\/\/baraquefraiture.be\/de\/wp-json\/wp\/v2\/pages\/1196\/revisions"}],"predecessor-version":[{"id":1449,"href":"https:\/\/baraquefraiture.be\/de\/wp-json\/wp\/v2\/pages\/1196\/revisions\/1449"}],"wp:attachment":[{"href":"https:\/\/baraquefraiture.be\/de\/wp-json\/wp\/v2\/media?parent=1196"}],"curies":[{"name":"wp","href":"https:\/\/api.w.org\/{rel}","templated":true}]}}